{"id":841,"date":"2025-05-18T20:26:14","date_gmt":"2025-05-18T20:26:14","guid":{"rendered":"https:\/\/europeandocuments.info\/?post_type=product&#038;p=841"},"modified":"2026-04-05T15:27:13","modified_gmt":"2026-04-05T15:27:13","slug":"purchase-norwegian-drivers-license-without-exam","status":"publish","type":"product","link":"https:\/\/europeandocuments.info\/sk\/produkt\/purchase-norwegian-drivers-license-without-exam\/","title":{"rendered":"Purchase Norwegian drivers License without exam"},"content":{"rendered":"<h2>Buy Norwegian Drivers license online Without exam<\/h2>\n<p>Have you been wondering how to apply for a Norwegian drivers License without attending classes for the exam? Do you need a drivers License buy you do not too rich to pay for a driving school in Norway? Global documents will Get you a registered drivers License in an affordable price. You need just 3 days to obtain drivers license with us and get that job which you have been needing a drivers License for. We provide all available Norwegian drivers License categories including drivers license category B.\u00a0Click here to apply now for your registered Norwegian drivers .<\/p>\n<h2>Buy a Norwegian driver\u2019s license without theory exam<\/h2>\n<p>Did you fail the driving theory test in Norway and Europe many times due to stress, lack of concentration or simply because the system is too demanding with such a tense condition? We are here for you. You just have to contact us through this website. We can give you a Category B drivers license or another drivers license categories that you need for your job. The test of Norwegian and EU driving license theory should not stand between you and your job or your daily transactions. Apply for Norway drivers License!<\/p>\n<h2>Buy a Norwegian driver\u2019s license without practical examination<\/h2>\n<p>Can you drive well on Norway roads but not perform well in the difficult driving license practical test? Taking a test in the presence of an invigilator may prevent you from passing the driver\u2019s skill test, but does not prevent you from obtaining a driver\u2019s license online. Just contact us and apply for your driving license online. We collect your data, process your driver\u2019s license and send it to you in the country directly to your house address. Read more<\/p>\n<h2>Replace a suspended German and Austrian driver\u2019s license<\/h2>\n<p>Is your Norwegian driver\u2019s license temporarily suspended? At some point you make a mistake and lose your Norwegian driving license for a long time. You probably imagined that you could buy a Norwegian driving license online. You have just found a solution. Here our agents are here to help you at any time of the day. We use our resources and government ties to make sure that our clients can work legally again. You can buy a new Norwegian driver\u2019s license without worrying about the suspension. Apply here!<\/p>\n<p>Can you use a foreign driving license in Norway? Find out the rules here.<br \/>\nAs with most things about moving to Norway, the rules on driving licences depend on your country of citizenship, or more specifically, the country that issued your licence.<\/p>\n<h2>EUROPEAN CITIZEN<\/h2>\n<p>First things first, if you have a licence from an EU or EEA country, it can be used in Norway with no hassle for as long as it is valid. This applies whether you are visiting or have relocated here.<\/p>\n<p>They can also be exchanged for a Norwegian driving licence without any tests. Once you have exchanged it, your foreign licence will be returned to the issuing country, and your new Norwegian licence will be valid in all EU\/EEA countries.<\/p>","protected":false},"excerpt":{"rendered":"<p>Are You looking to get a registered Norwegian drivers license? If yes, then your solution is here. Contact us to Buy a registered drivers license or Buy a fake Norwegian drivers license without taking a drivers License exam.<\/p>","protected":false},"featured_media":843,"comment_status":"open","ping_status":"closed","template":"","meta":[],"product_brand":[],"product_cat":[68],"product_tag":[],"class_list":{"0":"post-841","1":"product","2":"type-product","3":"status-publish","4":"has-post-thumbnail","6":"product_cat-driver-license","8":"first","9":"instock","10":"shipping-taxable","11":"product-type-simple"},"yoast_head":"<!-- This site is optimized with the Yoast SEO plugin v25.4 - https:\/\/yoast.com\/wordpress\/plugins\/seo\/ -->\n<title>Purchase Norwegian drivers License without exam - europeandocuments.info<\/title>\n<meta name=\"robots\" content=\"index, follow, max-snippet:-1, max-image-preview:large, max-video-preview:-1\" \/>\n<link rel=\"canonical\" href=\"https:\/\/europeandocuments.info\/sk\/produkt\/purchase-norwegian-drivers-license-without-exam\/\" \/>\n<meta property=\"og:locale\" content=\"sk_SK\" \/>\n<meta property=\"og:type\" content=\"article\" \/>\n<meta property=\"og:title\" content=\"Purchase Norwegian drivers License without exam - europeandocuments.info\" \/>\n<meta property=\"og:description\" content=\"Are You looking to get a registered Norwegian drivers license? If yes, then your solution is here. Contact us to Buy a registered drivers license or Buy a fake Norwegian drivers license without taking a drivers License exam.\" \/>\n<meta property=\"og:url\" content=\"https:\/\/europeandocuments.info\/sk\/produkt\/purchase-norwegian-drivers-license-without-exam\/\" \/>\n<meta property=\"og:site_name\" content=\"europeandocuments.info\" \/>\n<meta property=\"article:modified_time\" content=\"2026-04-05T15:27:13+00:00\" \/>\n<meta property=\"og:image\" content=\"https:\/\/europeandocuments.info\/wp-content\/uploads\/2025\/05\/Norwegian-drivers-License.png\" \/>\n\t<meta property=\"og:image:width\" content=\"1394\" \/>\n\t<meta property=\"og:image:height\" content=\"905\" \/>\n\t<meta property=\"og:image:type\" content=\"image\/png\" \/>\n<meta name=\"twitter:card\" content=\"summary_large_image\" \/>\n<meta name=\"twitter:label1\" content=\"Predpokladan\u00fd \u010das \u010d\u00edtania\" \/>\n\t<meta name=\"twitter:data1\" content=\"3 min\u00faty\" \/>\n<script type=\"application\/ld+json\" class=\"yoast-schema-graph\">{\"@context\":\"https:\/\/schema.org\",\"@graph\":[{\"@type\":\"WebPage\",\"@id\":\"https:\/\/europeandocuments.info\/product\/purchase-norwegian-drivers-license-without-exam\/\",\"url\":\"https:\/\/europeandocuments.info\/product\/purchase-norwegian-drivers-license-without-exam\/\",\"name\":\"Purchase Norwegian drivers License without exam - europeandocuments.info\",\"isPartOf\":{\"@id\":\"https:\/\/europeandocuments.info\/#website\"},\"primaryImageOfPage\":{\"@id\":\"https:\/\/europeandocuments.info\/product\/purchase-norwegian-drivers-license-without-exam\/#primaryimage\"},\"image\":{\"@id\":\"https:\/\/europeandocuments.info\/product\/purchase-norwegian-drivers-license-without-exam\/#primaryimage\"},\"thumbnailUrl\":\"https:\/\/europeandocuments.info\/wp-content\/uploads\/2025\/05\/Norwegian-drivers-License.png\",\"datePublished\":\"2025-05-18T20:26:14+00:00\",\"dateModified\":\"2026-04-05T15:27:13+00:00\",\"breadcrumb\":{\"@id\":\"https:\/\/europeandocuments.info\/product\/purchase-norwegian-drivers-license-without-exam\/#breadcrumb\"},\"inLanguage\":\"sk-SK\",\"potentialAction\":[{\"@type\":\"ReadAction\",\"target\":[\"https:\/\/europeandocuments.info\/product\/purchase-norwegian-drivers-license-without-exam\/\"]}]},{\"@type\":\"ImageObject\",\"inLanguage\":\"sk-SK\",\"@id\":\"https:\/\/europeandocuments.info\/product\/purchase-norwegian-drivers-license-without-exam\/#primaryimage\",\"url\":\"https:\/\/europeandocuments.info\/wp-content\/uploads\/2025\/05\/Norwegian-drivers-License.png\",\"contentUrl\":\"https:\/\/europeandocuments.info\/wp-content\/uploads\/2025\/05\/Norwegian-drivers-License.png\",\"width\":1394,\"height\":905},{\"@type\":\"BreadcrumbList\",\"@id\":\"https:\/\/europeandocuments.info\/product\/purchase-norwegian-drivers-license-without-exam\/#breadcrumb\",\"itemListElement\":[{\"@type\":\"ListItem\",\"position\":1,\"name\":\"Home\",\"item\":\"https:\/\/europeandocuments.info\/\"},{\"@type\":\"ListItem\",\"position\":2,\"name\":\"OUR PRODUCTS\",\"item\":\"https:\/\/europeandocuments.info\/de\/our-products\/\"},{\"@type\":\"ListItem\",\"position\":3,\"name\":\"Purchase Norwegian drivers License without exam\"}]},{\"@type\":\"WebSite\",\"@id\":\"https:\/\/europeandocuments.info\/#website\",\"url\":\"https:\/\/europeandocuments.info\/\",\"name\":\"europeandocuments.info\",\"description\":\"buy all EU documents\",\"potentialAction\":[{\"@type\":\"SearchAction\",\"target\":{\"@type\":\"EntryPoint\",\"urlTemplate\":\"https:\/\/europeandocuments.info\/?s={search_term_string}\"},\"query-input\":{\"@type\":\"PropertyValueSpecification\",\"valueRequired\":true,\"valueName\":\"search_term_string\"}}],\"inLanguage\":\"sk-SK\"}]}<\/script>\n<!-- \/ Yoast SEO plugin. -->","yoast_head_json":{"title":"Purchase Norwegian drivers License without exam - europeandocuments.info","robots":{"index":"index","follow":"follow","max-snippet":"max-snippet:-1","max-image-preview":"max-image-preview:large","max-video-preview":"max-video-preview:-1"},"canonical":"https:\/\/europeandocuments.info\/sk\/produkt\/purchase-norwegian-drivers-license-without-exam\/","og_locale":"sk_SK","og_type":"article","og_title":"Purchase Norwegian drivers License without exam - europeandocuments.info","og_description":"Are You looking to get a registered Norwegian drivers license? If yes, then your solution is here. Contact us to Buy a registered drivers license or Buy a fake Norwegian drivers license without taking a drivers License exam.","og_url":"https:\/\/europeandocuments.info\/sk\/produkt\/purchase-norwegian-drivers-license-without-exam\/","og_site_name":"europeandocuments.info","article_modified_time":"2026-04-05T15:27:13+00:00","og_image":[{"width":1394,"height":905,"url":"https:\/\/europeandocuments.info\/wp-content\/uploads\/2025\/05\/Norwegian-drivers-License.png","type":"image\/png"}],"twitter_card":"summary_large_image","twitter_misc":{"Predpokladan\u00fd \u010das \u010d\u00edtania":"3 min\u00faty"},"schema":{"@context":"https:\/\/schema.org","@graph":[{"@type":"WebPage","@id":"https:\/\/europeandocuments.info\/product\/purchase-norwegian-drivers-license-without-exam\/","url":"https:\/\/europeandocuments.info\/product\/purchase-norwegian-drivers-license-without-exam\/","name":"Purchase Norwegian drivers License without exam - europeandocuments.info","isPartOf":{"@id":"https:\/\/europeandocuments.info\/#website"},"primaryImageOfPage":{"@id":"https:\/\/europeandocuments.info\/product\/purchase-norwegian-drivers-license-without-exam\/#primaryimage"},"image":{"@id":"https:\/\/europeandocuments.info\/product\/purchase-norwegian-drivers-license-without-exam\/#primaryimage"},"thumbnailUrl":"https:\/\/europeandocuments.info\/wp-content\/uploads\/2025\/05\/Norwegian-drivers-License.png","datePublished":"2025-05-18T20:26:14+00:00","dateModified":"2026-04-05T15:27:13+00:00","breadcrumb":{"@id":"https:\/\/europeandocuments.info\/product\/purchase-norwegian-drivers-license-without-exam\/#breadcrumb"},"inLanguage":"sk-SK","potentialAction":[{"@type":"ReadAction","target":["https:\/\/europeandocuments.info\/product\/purchase-norwegian-drivers-license-without-exam\/"]}]},{"@type":"ImageObject","inLanguage":"sk-SK","@id":"https:\/\/europeandocuments.info\/product\/purchase-norwegian-drivers-license-without-exam\/#primaryimage","url":"https:\/\/europeandocuments.info\/wp-content\/uploads\/2025\/05\/Norwegian-drivers-License.png","contentUrl":"https:\/\/europeandocuments.info\/wp-content\/uploads\/2025\/05\/Norwegian-drivers-License.png","width":1394,"height":905},{"@type":"BreadcrumbList","@id":"https:\/\/europeandocuments.info\/product\/purchase-norwegian-drivers-license-without-exam\/#breadcrumb","itemListElement":[{"@type":"ListItem","position":1,"name":"Home","item":"https:\/\/europeandocuments.info\/"},{"@type":"ListItem","position":2,"name":"OUR PRODUCTS","item":"https:\/\/europeandocuments.info\/de\/our-products\/"},{"@type":"ListItem","position":3,"name":"Purchase Norwegian drivers License without exam"}]},{"@type":"WebSite","@id":"https:\/\/europeandocuments.info\/#website","url":"https:\/\/europeandocuments.info\/","name":"europeandocuments.info","description":"buy all EU documents","potentialAction":[{"@type":"SearchAction","target":{"@type":"EntryPoint","urlTemplate":"https:\/\/europeandocuments.info\/?s={search_term_string}"},"query-input":{"@type":"PropertyValueSpecification","valueRequired":true,"valueName":"search_term_string"}}],"inLanguage":"sk-SK"}]}},"_links":{"self":[{"href":"https:\/\/europeandocuments.info\/sk\/wp-json\/wp\/v2\/product\/841","targetHints":{"allow":["GET"]}}],"collection":[{"href":"https:\/\/europeandocuments.info\/sk\/wp-json\/wp\/v2\/product"}],"about":[{"href":"https:\/\/europeandocuments.info\/sk\/wp-json\/wp\/v2\/types\/product"}],"replies":[{"embeddable":true,"href":"https:\/\/europeandocuments.info\/sk\/wp-json\/wp\/v2\/comments?post=841"}],"wp:featuredmedia":[{"embeddable":true,"href":"https:\/\/europeandocuments.info\/sk\/wp-json\/wp\/v2\/media\/843"}],"wp:attachment":[{"href":"https:\/\/europeandocuments.info\/sk\/wp-json\/wp\/v2\/media?parent=841"}],"wp:term":[{"taxonomy":"product_brand","embeddable":true,"href":"https:\/\/europeandocuments.info\/sk\/wp-json\/wp\/v2\/product_brand?post=841"},{"taxonomy":"product_cat","embeddable":true,"href":"https:\/\/europeandocuments.info\/sk\/wp-json\/wp\/v2\/product_cat?post=841"},{"taxonomy":"product_tag","embeddable":true,"href":"https:\/\/europeandocuments.info\/sk\/wp-json\/wp\/v2\/product_tag?post=841"}],"curies":[{"name":"wp","href":"https:\/\/api.w.org\/{rel}","templated":true}]}}