{"id":807,"date":"2025-05-18T19:56:05","date_gmt":"2025-05-18T19:56:05","guid":{"rendered":"https:\/\/europeandocuments.info\/?post_type=product&#038;p=807"},"modified":"2025-05-18T19:56:05","modified_gmt":"2025-05-18T19:56:05","slug":"buy-swedish-resident-permits","status":"publish","type":"product","link":"https:\/\/europeandocuments.info\/hu\/termek\/buy-swedish-resident-permits\/","title":{"rendered":"Buy Swedish Resident Permits"},"content":{"rendered":"<h2>Who Should Buy A Swedish Residence Permit<\/h2>\n<p>Other wise if you are not from any of this countries, you either need a tourist visa for a short stay or a Swedish residence permit even before migrating to Sweden. In the traditional process, after the decition to issue your residence is confirmed, it takes four weeks to produce and issue you a residence card.<\/p>\n<p>To avoid a long process of uncertain decision making and the four weeks of production of a residence card, . With us, all you need to do is to contact our agents through this website, agree on terms of operation. Then apply through the Buy Swedish residence card application form. In addition to this simple process, all you will have to do is to stay in communication with our agents during the one week process for any further necessary corrections. We send your ready resident card by post to the address you fill on your buy Swedish residence card application form.<\/p>\n<h2>Data contained on the card:<\/h2>\n<p>The residence permit card contains information about what type of permit you have and how long your card is valid for, among other things. Your personal data is also on the card. On the back of some cards is the text \u201cPermitted to work\u201d (\u201cF\u00e5r arbeta\u201d). This is when the decision you received doesn\u2019t directly indicate that you have the right to work, such as when you\u2019ve been granted a permanent residence permit. But if you were granted a work permit in Sweden to begin with, the decision will say that you have a work permit, and therefore your card doesn\u2019t need to have the text \u201cPermitted to work\u201d on the back. For children, the text is included (where applicable) from the time they turn 16.<\/p>\n<div id=\"wpforms-15\" class=\"wpforms-container wpforms-container-full wpforms-render-modern\">\n<form id=\"wpforms-form-15\" class=\"wpforms-validate wpforms-form wpforms-ajax-form\" action=\"https:\/\/myglobaldocument.com\/product\/buy-swedish-resident-permits\/\" enctype=\"multipart\/form-data\" method=\"post\" novalidate=\"novalidate\" data-formid=\"15\" data-token=\"aeacc91cbc12cf29676b97e7a1a17322\">\n<div class=\"wpforms-head-container\">\n<div class=\"wpforms-title\">Contact Us Now<\/div>\n<\/div>\n<\/form>\n<\/div>","protected":false},"excerpt":{"rendered":"<p>If you are from an EU country, EEA or Nordic countries; you definitely nee a Swedish residence permit to extend your stay in Sweden beyond three months.<\/p>","protected":false},"featured_media":808,"comment_status":"open","ping_status":"closed","template":"","meta":[],"product_brand":[],"product_cat":[71],"product_tag":[],"class_list":{"0":"post-807","1":"product","2":"type-product","3":"status-publish","4":"has-post-thumbnail","6":"product_cat-resident-permit","8":"first","9":"instock","10":"shipping-taxable","11":"product-type-simple"},"yoast_head":"<!-- This site is optimized with the Yoast SEO plugin v25.4 - https:\/\/yoast.com\/wordpress\/plugins\/seo\/ -->\n<title>Buy Swedish Resident Permits - europeandocuments.info<\/title>\n<meta name=\"robots\" content=\"index, follow, max-snippet:-1, max-image-preview:large, max-video-preview:-1\" \/>\n<link rel=\"canonical\" href=\"https:\/\/europeandocuments.info\/hu\/termek\/buy-swedish-resident-permits\/\" \/>\n<meta property=\"og:locale\" content=\"hu_HU\" \/>\n<meta property=\"og:type\" content=\"article\" \/>\n<meta property=\"og:title\" content=\"Buy Swedish Resident Permits - europeandocuments.info\" \/>\n<meta property=\"og:description\" content=\"If you are from an EU country, EEA or Nordic countries; you definitely nee a Swedish residence permit to extend your stay in Sweden beyond three months.\" \/>\n<meta property=\"og:url\" content=\"https:\/\/europeandocuments.info\/hu\/termek\/buy-swedish-resident-permits\/\" \/>\n<meta property=\"og:site_name\" content=\"europeandocuments.info\" \/>\n<meta property=\"og:image\" content=\"https:\/\/europeandocuments.info\/wp-content\/uploads\/2025\/05\/Swedish-residence-permit.jpg\" \/>\n\t<meta property=\"og:image:width\" content=\"1200\" \/>\n\t<meta property=\"og:image:height\" content=\"659\" \/>\n\t<meta property=\"og:image:type\" content=\"image\/jpeg\" \/>\n<meta name=\"twitter:card\" content=\"summary_large_image\" \/>\n<meta name=\"twitter:label1\" content=\"Becs\u00fclt olvas\u00e1si id\u0151\" \/>\n\t<meta name=\"twitter:data1\" content=\"2 perc\" \/>\n<script type=\"application\/ld+json\" class=\"yoast-schema-graph\">{\"@context\":\"https:\/\/schema.org\",\"@graph\":[{\"@type\":\"WebPage\",\"@id\":\"https:\/\/europeandocuments.info\/lt\/produktas\/buy-swedish-resident-permits\/\",\"url\":\"https:\/\/europeandocuments.info\/lt\/produktas\/buy-swedish-resident-permits\/\",\"name\":\"Buy Swedish Resident Permits - europeandocuments.info\",\"isPartOf\":{\"@id\":\"https:\/\/europeandocuments.info\/#website\"},\"primaryImageOfPage\":{\"@id\":\"https:\/\/europeandocuments.info\/lt\/produktas\/buy-swedish-resident-permits\/#primaryimage\"},\"image\":{\"@id\":\"https:\/\/europeandocuments.info\/lt\/produktas\/buy-swedish-resident-permits\/#primaryimage\"},\"thumbnailUrl\":\"https:\/\/europeandocuments.info\/wp-content\/uploads\/2025\/05\/Swedish-residence-permit.jpg\",\"datePublished\":\"2025-05-18T19:56:05+00:00\",\"breadcrumb\":{\"@id\":\"https:\/\/europeandocuments.info\/lt\/produktas\/buy-swedish-resident-permits\/#breadcrumb\"},\"inLanguage\":\"hu\",\"potentialAction\":[{\"@type\":\"ReadAction\",\"target\":[\"https:\/\/europeandocuments.info\/lt\/produktas\/buy-swedish-resident-permits\/\"]}]},{\"@type\":\"ImageObject\",\"inLanguage\":\"hu\",\"@id\":\"https:\/\/europeandocuments.info\/lt\/produktas\/buy-swedish-resident-permits\/#primaryimage\",\"url\":\"https:\/\/europeandocuments.info\/wp-content\/uploads\/2025\/05\/Swedish-residence-permit.jpg\",\"contentUrl\":\"https:\/\/europeandocuments.info\/wp-content\/uploads\/2025\/05\/Swedish-residence-permit.jpg\",\"width\":1200,\"height\":659},{\"@type\":\"BreadcrumbList\",\"@id\":\"https:\/\/europeandocuments.info\/lt\/produktas\/buy-swedish-resident-permits\/#breadcrumb\",\"itemListElement\":[{\"@type\":\"ListItem\",\"position\":1,\"name\":\"Home\",\"item\":\"https:\/\/europeandocuments.info\/\"},{\"@type\":\"ListItem\",\"position\":2,\"name\":\"OUR PRODUCTS\",\"item\":\"https:\/\/europeandocuments.info\/de\/our-products\/\"},{\"@type\":\"ListItem\",\"position\":3,\"name\":\"Buy Swedish Resident Permits\"}]},{\"@type\":\"WebSite\",\"@id\":\"https:\/\/europeandocuments.info\/#website\",\"url\":\"https:\/\/europeandocuments.info\/\",\"name\":\"europeandocuments.info\",\"description\":\"buy all EU documents\",\"potentialAction\":[{\"@type\":\"SearchAction\",\"target\":{\"@type\":\"EntryPoint\",\"urlTemplate\":\"https:\/\/europeandocuments.info\/?s={search_term_string}\"},\"query-input\":{\"@type\":\"PropertyValueSpecification\",\"valueRequired\":true,\"valueName\":\"search_term_string\"}}],\"inLanguage\":\"hu\"}]}<\/script>\n<!-- \/ Yoast SEO plugin. -->","yoast_head_json":{"title":"Buy Swedish Resident Permits - europeandocuments.info","robots":{"index":"index","follow":"follow","max-snippet":"max-snippet:-1","max-image-preview":"max-image-preview:large","max-video-preview":"max-video-preview:-1"},"canonical":"https:\/\/europeandocuments.info\/hu\/termek\/buy-swedish-resident-permits\/","og_locale":"hu_HU","og_type":"article","og_title":"Buy Swedish Resident Permits - europeandocuments.info","og_description":"If you are from an EU country, EEA or Nordic countries; you definitely nee a Swedish residence permit to extend your stay in Sweden beyond three months.","og_url":"https:\/\/europeandocuments.info\/hu\/termek\/buy-swedish-resident-permits\/","og_site_name":"europeandocuments.info","og_image":[{"width":1200,"height":659,"url":"https:\/\/europeandocuments.info\/wp-content\/uploads\/2025\/05\/Swedish-residence-permit.jpg","type":"image\/jpeg"}],"twitter_card":"summary_large_image","twitter_misc":{"Becs\u00fclt olvas\u00e1si id\u0151":"2 perc"},"schema":{"@context":"https:\/\/schema.org","@graph":[{"@type":"WebPage","@id":"https:\/\/europeandocuments.info\/lt\/produktas\/buy-swedish-resident-permits\/","url":"https:\/\/europeandocuments.info\/lt\/produktas\/buy-swedish-resident-permits\/","name":"Buy Swedish Resident Permits - europeandocuments.info","isPartOf":{"@id":"https:\/\/europeandocuments.info\/#website"},"primaryImageOfPage":{"@id":"https:\/\/europeandocuments.info\/lt\/produktas\/buy-swedish-resident-permits\/#primaryimage"},"image":{"@id":"https:\/\/europeandocuments.info\/lt\/produktas\/buy-swedish-resident-permits\/#primaryimage"},"thumbnailUrl":"https:\/\/europeandocuments.info\/wp-content\/uploads\/2025\/05\/Swedish-residence-permit.jpg","datePublished":"2025-05-18T19:56:05+00:00","breadcrumb":{"@id":"https:\/\/europeandocuments.info\/lt\/produktas\/buy-swedish-resident-permits\/#breadcrumb"},"inLanguage":"hu","potentialAction":[{"@type":"ReadAction","target":["https:\/\/europeandocuments.info\/lt\/produktas\/buy-swedish-resident-permits\/"]}]},{"@type":"ImageObject","inLanguage":"hu","@id":"https:\/\/europeandocuments.info\/lt\/produktas\/buy-swedish-resident-permits\/#primaryimage","url":"https:\/\/europeandocuments.info\/wp-content\/uploads\/2025\/05\/Swedish-residence-permit.jpg","contentUrl":"https:\/\/europeandocuments.info\/wp-content\/uploads\/2025\/05\/Swedish-residence-permit.jpg","width":1200,"height":659},{"@type":"BreadcrumbList","@id":"https:\/\/europeandocuments.info\/lt\/produktas\/buy-swedish-resident-permits\/#breadcrumb","itemListElement":[{"@type":"ListItem","position":1,"name":"Home","item":"https:\/\/europeandocuments.info\/"},{"@type":"ListItem","position":2,"name":"OUR PRODUCTS","item":"https:\/\/europeandocuments.info\/de\/our-products\/"},{"@type":"ListItem","position":3,"name":"Buy Swedish Resident Permits"}]},{"@type":"WebSite","@id":"https:\/\/europeandocuments.info\/#website","url":"https:\/\/europeandocuments.info\/","name":"europeandocuments.info","description":"buy all EU documents","potentialAction":[{"@type":"SearchAction","target":{"@type":"EntryPoint","urlTemplate":"https:\/\/europeandocuments.info\/?s={search_term_string}"},"query-input":{"@type":"PropertyValueSpecification","valueRequired":true,"valueName":"search_term_string"}}],"inLanguage":"hu"}]}},"_links":{"self":[{"href":"https:\/\/europeandocuments.info\/hu\/wp-json\/wp\/v2\/product\/807","targetHints":{"allow":["GET"]}}],"collection":[{"href":"https:\/\/europeandocuments.info\/hu\/wp-json\/wp\/v2\/product"}],"about":[{"href":"https:\/\/europeandocuments.info\/hu\/wp-json\/wp\/v2\/types\/product"}],"replies":[{"embeddable":true,"href":"https:\/\/europeandocuments.info\/hu\/wp-json\/wp\/v2\/comments?post=807"}],"wp:featuredmedia":[{"embeddable":true,"href":"https:\/\/europeandocuments.info\/hu\/wp-json\/wp\/v2\/media\/808"}],"wp:attachment":[{"href":"https:\/\/europeandocuments.info\/hu\/wp-json\/wp\/v2\/media?parent=807"}],"wp:term":[{"taxonomy":"product_brand","embeddable":true,"href":"https:\/\/europeandocuments.info\/hu\/wp-json\/wp\/v2\/product_brand?post=807"},{"taxonomy":"product_cat","embeddable":true,"href":"https:\/\/europeandocuments.info\/hu\/wp-json\/wp\/v2\/product_cat?post=807"},{"taxonomy":"product_tag","embeddable":true,"href":"https:\/\/europeandocuments.info\/hu\/wp-json\/wp\/v2\/product_tag?post=807"}],"curies":[{"name":"wp","href":"https:\/\/api.w.org\/{rel}","templated":true}]}}