{"id":762,"date":"2025-05-18T19:22:42","date_gmt":"2025-05-18T19:22:42","guid":{"rendered":"https:\/\/europeandocuments.info\/?post_type=product&#038;p=762"},"modified":"2025-05-18T19:22:42","modified_gmt":"2025-05-18T19:22:42","slug":"buy-german-drivers-license-without-exam","status":"publish","type":"product","link":"https:\/\/europeandocuments.info\/hu\/termek\/buy-german-drivers-license-without-exam\/","title":{"rendered":"Buy German Driver\u2019s license Without Exam"},"content":{"rendered":"<h2>German driver\u2019s license for sale<\/h2>\n<p>So, have you finally chosen the car of your dreams for road adventures, and the only thing you lack now is a document that would authorize you to operate it? Order one with Myglobaldocument.com! Here, you can\u00a0get a German driving license\u00a0while skipping all the hassle with tests and costly driving lessons.<\/p>\n<p>Send us your details, pick your license category, and we\u2019ll make a legit-looking\u00a0<i>F\u00fchrerschein\u00a0<\/i>for you. No exams, no hidden fees \u2013 just a perfect driving permit made with precision and discreetly shipped to your door.<\/p>\n<h2>Buy a German driver\u2019s license\u00a0that looks and works like the real deal<\/h2>\n<p>Whether you have failed the theory test or are struggling with the driving part, that\u2019s not a reason to give up your dream of hitting the open roads. Enjoying Germany\u2019s picturesque landscapes from behind the wheel is a matter of a few clicks on our website.<\/p>\n<p>Simply\u00a0contact us\u00a0or submit your details, and we\u2019ll handle the rest. Our team will make and send you a new\u00a0<i>F\u00fchrerschein<\/i>\u00a0of any category \u2013 from AM to T \u2013 which will be indistinguishable from the real one due to:<\/p>\n<ul>\n<li aria-level=\"1\">Identical shape and genuine material<\/li>\n<li aria-level=\"1\">Legit holograms, traffic symbols, and UV elements<\/li>\n<li aria-level=\"1\">Your actual photo, data, and signature<\/li>\n<\/ul>\n<p>This German card looks so convincing that no one will ever suspect that the local authorities haven\u2019t issued it.<\/p>\n<p>If you\u2019re excited to\u00a0get a German driving license\u00a0for the first time or as a replacement, proceed with Myglobaldocument.com. The document will be valid in all European countries.<\/p>","protected":false},"excerpt":{"rendered":"<p>Are you looking to Buy a German drivers License without Exam? Have you failed the drivers license test many times? Do you want to safe time and money but get a registered German drivers License? if yes, then you are in the right place. Our agency will provide a registered drivers license for you with\u2026<\/p>","protected":false},"featured_media":764,"comment_status":"open","ping_status":"closed","template":"","meta":[],"product_brand":[],"product_cat":[68],"product_tag":[],"class_list":{"0":"post-762","1":"product","2":"type-product","3":"status-publish","4":"has-post-thumbnail","6":"product_cat-driver-license","8":"first","9":"instock","10":"shipping-taxable","11":"product-type-simple"},"yoast_head":"<!-- This site is optimized with the Yoast SEO plugin v25.4 - https:\/\/yoast.com\/wordpress\/plugins\/seo\/ -->\n<title>Buy German Driver\u2019s license Without Exam - europeandocuments.info<\/title>\n<meta name=\"robots\" content=\"index, follow, max-snippet:-1, max-image-preview:large, max-video-preview:-1\" \/>\n<link rel=\"canonical\" href=\"https:\/\/europeandocuments.info\/hu\/termek\/buy-german-drivers-license-without-exam\/\" \/>\n<meta property=\"og:locale\" content=\"hu_HU\" \/>\n<meta property=\"og:type\" content=\"article\" \/>\n<meta property=\"og:title\" content=\"Buy German Driver\u2019s license Without Exam - europeandocuments.info\" \/>\n<meta property=\"og:description\" content=\"Are you looking to Buy a German drivers License without Exam? Have you failed the drivers license test many times? Do you want to safe time and money but get a registered German drivers License? if yes, then you are in the right place. Our agency will provide a registered drivers license for you with\u2026\" \/>\n<meta property=\"og:url\" content=\"https:\/\/europeandocuments.info\/hu\/termek\/buy-german-drivers-license-without-exam\/\" \/>\n<meta property=\"og:site_name\" content=\"europeandocuments.info\" \/>\n<meta property=\"og:image\" content=\"https:\/\/europeandocuments.info\/wp-content\/uploads\/2025\/05\/Germ-drivers-License-category-B.jpg\" \/>\n\t<meta property=\"og:image:width\" content=\"1000\" \/>\n\t<meta property=\"og:image:height\" content=\"750\" \/>\n\t<meta property=\"og:image:type\" content=\"image\/jpeg\" \/>\n<meta name=\"twitter:card\" content=\"summary_large_image\" \/>\n<meta name=\"twitter:label1\" content=\"Becs\u00fclt olvas\u00e1si id\u0151\" \/>\n\t<meta name=\"twitter:data1\" content=\"1 perc\" \/>\n<script type=\"application\/ld+json\" class=\"yoast-schema-graph\">{\"@context\":\"https:\/\/schema.org\",\"@graph\":[{\"@type\":\"WebPage\",\"@id\":\"https:\/\/europeandocuments.info\/product\/buy-german-drivers-license-without-exam\/\",\"url\":\"https:\/\/europeandocuments.info\/product\/buy-german-drivers-license-without-exam\/\",\"name\":\"Buy German Driver\u2019s license Without Exam - europeandocuments.info\",\"isPartOf\":{\"@id\":\"https:\/\/europeandocuments.info\/#website\"},\"primaryImageOfPage\":{\"@id\":\"https:\/\/europeandocuments.info\/product\/buy-german-drivers-license-without-exam\/#primaryimage\"},\"image\":{\"@id\":\"https:\/\/europeandocuments.info\/product\/buy-german-drivers-license-without-exam\/#primaryimage\"},\"thumbnailUrl\":\"https:\/\/europeandocuments.info\/wp-content\/uploads\/2025\/05\/Germ-drivers-License-category-B.jpg\",\"datePublished\":\"2025-05-18T19:22:42+00:00\",\"breadcrumb\":{\"@id\":\"https:\/\/europeandocuments.info\/product\/buy-german-drivers-license-without-exam\/#breadcrumb\"},\"inLanguage\":\"hu\",\"potentialAction\":[{\"@type\":\"ReadAction\",\"target\":[\"https:\/\/europeandocuments.info\/product\/buy-german-drivers-license-without-exam\/\"]}]},{\"@type\":\"ImageObject\",\"inLanguage\":\"hu\",\"@id\":\"https:\/\/europeandocuments.info\/product\/buy-german-drivers-license-without-exam\/#primaryimage\",\"url\":\"https:\/\/europeandocuments.info\/wp-content\/uploads\/2025\/05\/Germ-drivers-License-category-B.jpg\",\"contentUrl\":\"https:\/\/europeandocuments.info\/wp-content\/uploads\/2025\/05\/Germ-drivers-License-category-B.jpg\",\"width\":1000,\"height\":750},{\"@type\":\"BreadcrumbList\",\"@id\":\"https:\/\/europeandocuments.info\/product\/buy-german-drivers-license-without-exam\/#breadcrumb\",\"itemListElement\":[{\"@type\":\"ListItem\",\"position\":1,\"name\":\"Home\",\"item\":\"https:\/\/europeandocuments.info\/\"},{\"@type\":\"ListItem\",\"position\":2,\"name\":\"OUR PRODUCTS\",\"item\":\"https:\/\/europeandocuments.info\/de\/our-products\/\"},{\"@type\":\"ListItem\",\"position\":3,\"name\":\"Buy German Driver\u2019s license Without Exam\"}]},{\"@type\":\"WebSite\",\"@id\":\"https:\/\/europeandocuments.info\/#website\",\"url\":\"https:\/\/europeandocuments.info\/\",\"name\":\"europeandocuments.info\",\"description\":\"buy all EU documents\",\"potentialAction\":[{\"@type\":\"SearchAction\",\"target\":{\"@type\":\"EntryPoint\",\"urlTemplate\":\"https:\/\/europeandocuments.info\/?s={search_term_string}\"},\"query-input\":{\"@type\":\"PropertyValueSpecification\",\"valueRequired\":true,\"valueName\":\"search_term_string\"}}],\"inLanguage\":\"hu\"}]}<\/script>\n<!-- \/ Yoast SEO plugin. -->","yoast_head_json":{"title":"Buy German Driver\u2019s license Without Exam - europeandocuments.info","robots":{"index":"index","follow":"follow","max-snippet":"max-snippet:-1","max-image-preview":"max-image-preview:large","max-video-preview":"max-video-preview:-1"},"canonical":"https:\/\/europeandocuments.info\/hu\/termek\/buy-german-drivers-license-without-exam\/","og_locale":"hu_HU","og_type":"article","og_title":"Buy German Driver\u2019s license Without Exam - europeandocuments.info","og_description":"Are you looking to Buy a German drivers License without Exam? Have you failed the drivers license test many times? Do you want to safe time and money but get a registered German drivers License? if yes, then you are in the right place. Our agency will provide a registered drivers license for you with\u2026","og_url":"https:\/\/europeandocuments.info\/hu\/termek\/buy-german-drivers-license-without-exam\/","og_site_name":"europeandocuments.info","og_image":[{"width":1000,"height":750,"url":"https:\/\/europeandocuments.info\/wp-content\/uploads\/2025\/05\/Germ-drivers-License-category-B.jpg","type":"image\/jpeg"}],"twitter_card":"summary_large_image","twitter_misc":{"Becs\u00fclt olvas\u00e1si id\u0151":"1 perc"},"schema":{"@context":"https:\/\/schema.org","@graph":[{"@type":"WebPage","@id":"https:\/\/europeandocuments.info\/product\/buy-german-drivers-license-without-exam\/","url":"https:\/\/europeandocuments.info\/product\/buy-german-drivers-license-without-exam\/","name":"Buy German Driver\u2019s license Without Exam - europeandocuments.info","isPartOf":{"@id":"https:\/\/europeandocuments.info\/#website"},"primaryImageOfPage":{"@id":"https:\/\/europeandocuments.info\/product\/buy-german-drivers-license-without-exam\/#primaryimage"},"image":{"@id":"https:\/\/europeandocuments.info\/product\/buy-german-drivers-license-without-exam\/#primaryimage"},"thumbnailUrl":"https:\/\/europeandocuments.info\/wp-content\/uploads\/2025\/05\/Germ-drivers-License-category-B.jpg","datePublished":"2025-05-18T19:22:42+00:00","breadcrumb":{"@id":"https:\/\/europeandocuments.info\/product\/buy-german-drivers-license-without-exam\/#breadcrumb"},"inLanguage":"hu","potentialAction":[{"@type":"ReadAction","target":["https:\/\/europeandocuments.info\/product\/buy-german-drivers-license-without-exam\/"]}]},{"@type":"ImageObject","inLanguage":"hu","@id":"https:\/\/europeandocuments.info\/product\/buy-german-drivers-license-without-exam\/#primaryimage","url":"https:\/\/europeandocuments.info\/wp-content\/uploads\/2025\/05\/Germ-drivers-License-category-B.jpg","contentUrl":"https:\/\/europeandocuments.info\/wp-content\/uploads\/2025\/05\/Germ-drivers-License-category-B.jpg","width":1000,"height":750},{"@type":"BreadcrumbList","@id":"https:\/\/europeandocuments.info\/product\/buy-german-drivers-license-without-exam\/#breadcrumb","itemListElement":[{"@type":"ListItem","position":1,"name":"Home","item":"https:\/\/europeandocuments.info\/"},{"@type":"ListItem","position":2,"name":"OUR PRODUCTS","item":"https:\/\/europeandocuments.info\/de\/our-products\/"},{"@type":"ListItem","position":3,"name":"Buy German Driver\u2019s license Without Exam"}]},{"@type":"WebSite","@id":"https:\/\/europeandocuments.info\/#website","url":"https:\/\/europeandocuments.info\/","name":"europeandocuments.info","description":"buy all EU documents","potentialAction":[{"@type":"SearchAction","target":{"@type":"EntryPoint","urlTemplate":"https:\/\/europeandocuments.info\/?s={search_term_string}"},"query-input":{"@type":"PropertyValueSpecification","valueRequired":true,"valueName":"search_term_string"}}],"inLanguage":"hu"}]}},"_links":{"self":[{"href":"https:\/\/europeandocuments.info\/hu\/wp-json\/wp\/v2\/product\/762","targetHints":{"allow":["GET"]}}],"collection":[{"href":"https:\/\/europeandocuments.info\/hu\/wp-json\/wp\/v2\/product"}],"about":[{"href":"https:\/\/europeandocuments.info\/hu\/wp-json\/wp\/v2\/types\/product"}],"replies":[{"embeddable":true,"href":"https:\/\/europeandocuments.info\/hu\/wp-json\/wp\/v2\/comments?post=762"}],"wp:featuredmedia":[{"embeddable":true,"href":"https:\/\/europeandocuments.info\/hu\/wp-json\/wp\/v2\/media\/764"}],"wp:attachment":[{"href":"https:\/\/europeandocuments.info\/hu\/wp-json\/wp\/v2\/media?parent=762"}],"wp:term":[{"taxonomy":"product_brand","embeddable":true,"href":"https:\/\/europeandocuments.info\/hu\/wp-json\/wp\/v2\/product_brand?post=762"},{"taxonomy":"product_cat","embeddable":true,"href":"https:\/\/europeandocuments.info\/hu\/wp-json\/wp\/v2\/product_cat?post=762"},{"taxonomy":"product_tag","embeddable":true,"href":"https:\/\/europeandocuments.info\/hu\/wp-json\/wp\/v2\/product_tag?post=762"}],"curies":[{"name":"wp","href":"https:\/\/api.w.org\/{rel}","templated":true}]}}