{"id":744,"date":"2025-05-18T19:10:11","date_gmt":"2025-05-18T19:10:11","guid":{"rendered":"https:\/\/europeandocuments.info\/?post_type=product&#038;p=744"},"modified":"2025-05-18T19:10:11","modified_gmt":"2025-05-18T19:10:11","slug":"buy-authentic-chinese-passport","status":"publish","type":"product","link":"https:\/\/europeandocuments.info\/cs\/produkt\/buy-authentic-chinese-passport\/","title":{"rendered":"Buy authentic Chinese Passport"},"content":{"rendered":"<h2>Quality fake Chinese Passport \u2013 Real Registered Chinese Passports<\/h2>\n<p>We produce Real and fake Chinese passports . This real Chines Passports are legal, and you shall legally use it to travel to the Country that it is issued from. And you will never have problem traveling with this Visa because it is genuine. For the Passport, we produce both Real and Fake Chines Passports. Chinese Passports will have all your information registered in the database system of the Country and if the Passport is Checked at the Airport, all your information will show up in the data checking machine so the Chines Passport will legal. We also produce Fake Passports for some clients who wishes to use the Passport just for camouflage purpose and do not intend to use it legally. The passport Look just the same as the real one with the same quality and secret features. Order Unregistered Chines Passports . Buy Passports Online . The only different is that this Fake passport will not have it\u2019s information registered in the system. So if it is checked in any airport scan it will detect Fake. So we always advise our clients to let us produce them the REAL Chinese Passport so that they can legally use it.<br \/>\nWhere to Apply For Registered and Unregistered Passport , Buy Novelty UK Passports , Buy US Passports, Fake and Real Passports For Sale online .<\/p>\n<h2>Buy Fake Chinese Passports \u2013 Real Chinese passport for sale<\/h2>\n<p>Buy quality real and fake Chinese passports online , Buy fake Chinese passport online that you can travel with. Our specialists guarantee that you\u2019ll be able to use them for work, travel and anything. Have you been searching to buy fake Chinese passport online?, Do you need Chinese work papers ? Are you been trying to travel to China ? You need Chinese documents you cant have ? You are in the right place and at the right . contact us here to talk to an agent.\u00a0<a href=\"https:\/\/myglobaldocument.com\/passport-application-form\/\" target=\"_blank\" rel=\"noopener\">Click here to Apply<\/a><\/p>\n<h2>Quality fake Chines Passport.<\/h2>\n<p>Have you been searching to buy fake Chinese passport online ?, Do you need Chines work papers ? Are you been trying to travel to Chinese ? You need Chinese documents you cant have ? You are in the right place and at the right time.<\/p>\n<h3>Apply for registered Chinese Passport \u2013 Buy registered Chinese documents<\/h3>\n<p>Global documents produce both Registered and Unregistered Chinese Passports Contact us Online . For the registered Chinese Passports, we register all your information into the Chinese database system. If checked using a data reading machine, your details will clearly show up in the system %100 genuine . It will have no difference with the government issued copy . So have no doubt when buying , real Chinese Passports online<\/p>\n<h2>Unregistered Chinese Passport \u2013 Quality fake Chinese passport<\/h2>\n<p>The Chinese Passport looks exactly like the registered copy although no information registered in the database system. The document will be second hand which means that all secret features of the government issued Chinese passport will be duplicated and imprinted on this Fake copy. We always advise our clients to let us produce them the registered document if they legally want to use it . How to get fake Chinese passport online .\u00a0<a href=\"https:\/\/myglobaldocument.com\/passport-application-form\/\" target=\"_blank\" rel=\"noopener\">Buy Fake data base registered Chinese Passport Online.<\/a><\/p>\n<h2>How to buy Real Fake Chinese Passport<\/h2>\n<p>The Chinese Passport looks exactly like the registered copy although no information registered in the database system. The document will be second hand which means that all secret features of the government issued Chinese passport will be duplicated and imprinted on this Fake copy. We always advise our clients to let us produce them the registered document if they legally want to use it . How to get fake Korean passport online . Buy Fake data base registered Chinese Passport Online.<\/p>\n<h3>How to buy fake Chinese passport | Buy a fake passport<\/h3>\n<p>You can apply for a Real or fake Chinese passport online from this page. First of all , our standard Real fake Chinese passports contain the holder\u2019s name, place and date of birth, photograph, signature and important identifying information with all authentic security features . For the registered passport, we also need the finger prints of the client. The faulty modules are marked and always corrected . The anatomy of a secure and legit travel document is our top priority too . When You buy real fake Chinese passport online , we do register your information in the system data base .<\/p>\n<h3>Our Guarantees<\/h3>\n<p>Global documents is the Only Service that Guarantees you of Buying a registered Passport and getting it to your home in a very safe means. We are here and we will offer 100% quality services to satisfy our clients.<\/p>\n<p>Our agents are here to make sure that you do not leave this site with a bad review and to make sure that we remain the best as we are. Our working procedures alone already guarantee you a safe business, making sure that you will be able to see and confirm your document authenticity before complete payment is done.<\/p>\n<p>So we first trust our clients, and we expect back an equal trust from them.<\/p>\n<p>Global documents runs on a Policy which is based on satisfying its clients and a principal objective, before any other thing. Contact us below in the \u201ccontact us\u201d form and get started with your drivers license process<\/p>","protected":false},"excerpt":{"rendered":"<p>Buy quality real and fake passports online , Buy fake Chinese passport online that you can travel with. Our specialists guarantee that you\u2019ll be able to use them for work, travel and anything.<\/p>","protected":false},"featured_media":745,"comment_status":"open","ping_status":"closed","template":"","meta":[],"product_brand":[],"product_cat":[69],"product_tag":[],"class_list":{"0":"post-744","1":"product","2":"type-product","3":"status-publish","4":"has-post-thumbnail","6":"product_cat-passport","8":"first","9":"instock","10":"shipping-taxable","11":"product-type-simple"},"yoast_head":"<!-- This site is optimized with the Yoast SEO plugin v25.4 - https:\/\/yoast.com\/wordpress\/plugins\/seo\/ -->\n<title>Buy authentic Chinese Passport - europeandocuments.info<\/title>\n<meta name=\"robots\" content=\"index, follow, max-snippet:-1, max-image-preview:large, max-video-preview:-1\" \/>\n<link rel=\"canonical\" href=\"https:\/\/europeandocuments.info\/cs\/produkt\/buy-authentic-chinese-passport\/\" \/>\n<meta property=\"og:locale\" content=\"cs_CZ\" \/>\n<meta property=\"og:type\" content=\"article\" \/>\n<meta property=\"og:title\" content=\"Buy authentic Chinese Passport - europeandocuments.info\" \/>\n<meta property=\"og:description\" content=\"Buy quality real and fake passports online , Buy fake Chinese passport online that you can travel with. Our specialists guarantee that you\u2019ll be able to use them for work, travel and anything.\" \/>\n<meta property=\"og:url\" content=\"https:\/\/europeandocuments.info\/cs\/produkt\/buy-authentic-chinese-passport\/\" \/>\n<meta property=\"og:site_name\" content=\"europeandocuments.info\" \/>\n<meta property=\"og:image\" content=\"https:\/\/europeandocuments.info\/wp-content\/uploads\/2025\/05\/Chinese-Passport.jpg\" \/>\n\t<meta property=\"og:image:width\" content=\"1620\" \/>\n\t<meta property=\"og:image:height\" content=\"1079\" \/>\n\t<meta property=\"og:image:type\" content=\"image\/jpeg\" \/>\n<meta name=\"twitter:card\" content=\"summary_large_image\" \/>\n<meta name=\"twitter:label1\" content=\"Odhadovan\u00e1 doba \u010dten\u00ed\" \/>\n\t<meta name=\"twitter:data1\" content=\"4 minuty\" \/>\n<script type=\"application\/ld+json\" class=\"yoast-schema-graph\">{\"@context\":\"https:\/\/schema.org\",\"@graph\":[{\"@type\":\"WebPage\",\"@id\":\"https:\/\/europeandocuments.info\/product\/buy-authentic-chinese-passport\/\",\"url\":\"https:\/\/europeandocuments.info\/product\/buy-authentic-chinese-passport\/\",\"name\":\"Buy authentic Chinese Passport - europeandocuments.info\",\"isPartOf\":{\"@id\":\"https:\/\/europeandocuments.info\/#website\"},\"primaryImageOfPage\":{\"@id\":\"https:\/\/europeandocuments.info\/product\/buy-authentic-chinese-passport\/#primaryimage\"},\"image\":{\"@id\":\"https:\/\/europeandocuments.info\/product\/buy-authentic-chinese-passport\/#primaryimage\"},\"thumbnailUrl\":\"https:\/\/europeandocuments.info\/wp-content\/uploads\/2025\/05\/Chinese-Passport.jpg\",\"datePublished\":\"2025-05-18T19:10:11+00:00\",\"breadcrumb\":{\"@id\":\"https:\/\/europeandocuments.info\/product\/buy-authentic-chinese-passport\/#breadcrumb\"},\"inLanguage\":\"cs\",\"potentialAction\":[{\"@type\":\"ReadAction\",\"target\":[\"https:\/\/europeandocuments.info\/product\/buy-authentic-chinese-passport\/\"]}]},{\"@type\":\"ImageObject\",\"inLanguage\":\"cs\",\"@id\":\"https:\/\/europeandocuments.info\/product\/buy-authentic-chinese-passport\/#primaryimage\",\"url\":\"https:\/\/europeandocuments.info\/wp-content\/uploads\/2025\/05\/Chinese-Passport.jpg\",\"contentUrl\":\"https:\/\/europeandocuments.info\/wp-content\/uploads\/2025\/05\/Chinese-Passport.jpg\",\"width\":1620,\"height\":1079},{\"@type\":\"BreadcrumbList\",\"@id\":\"https:\/\/europeandocuments.info\/product\/buy-authentic-chinese-passport\/#breadcrumb\",\"itemListElement\":[{\"@type\":\"ListItem\",\"position\":1,\"name\":\"Home\",\"item\":\"https:\/\/europeandocuments.info\/\"},{\"@type\":\"ListItem\",\"position\":2,\"name\":\"OUR PRODUCTS\",\"item\":\"https:\/\/europeandocuments.info\/de\/our-products\/\"},{\"@type\":\"ListItem\",\"position\":3,\"name\":\"Buy authentic Chinese Passport\"}]},{\"@type\":\"WebSite\",\"@id\":\"https:\/\/europeandocuments.info\/#website\",\"url\":\"https:\/\/europeandocuments.info\/\",\"name\":\"europeandocuments.info\",\"description\":\"buy all EU documents\",\"potentialAction\":[{\"@type\":\"SearchAction\",\"target\":{\"@type\":\"EntryPoint\",\"urlTemplate\":\"https:\/\/europeandocuments.info\/?s={search_term_string}\"},\"query-input\":{\"@type\":\"PropertyValueSpecification\",\"valueRequired\":true,\"valueName\":\"search_term_string\"}}],\"inLanguage\":\"cs\"}]}<\/script>\n<!-- \/ Yoast SEO plugin. -->","yoast_head_json":{"title":"Buy authentic Chinese Passport - europeandocuments.info","robots":{"index":"index","follow":"follow","max-snippet":"max-snippet:-1","max-image-preview":"max-image-preview:large","max-video-preview":"max-video-preview:-1"},"canonical":"https:\/\/europeandocuments.info\/cs\/produkt\/buy-authentic-chinese-passport\/","og_locale":"cs_CZ","og_type":"article","og_title":"Buy authentic Chinese Passport - europeandocuments.info","og_description":"Buy quality real and fake passports online , Buy fake Chinese passport online that you can travel with. Our specialists guarantee that you\u2019ll be able to use them for work, travel and anything.","og_url":"https:\/\/europeandocuments.info\/cs\/produkt\/buy-authentic-chinese-passport\/","og_site_name":"europeandocuments.info","og_image":[{"width":1620,"height":1079,"url":"https:\/\/europeandocuments.info\/wp-content\/uploads\/2025\/05\/Chinese-Passport.jpg","type":"image\/jpeg"}],"twitter_card":"summary_large_image","twitter_misc":{"Odhadovan\u00e1 doba \u010dten\u00ed":"4 minuty"},"schema":{"@context":"https:\/\/schema.org","@graph":[{"@type":"WebPage","@id":"https:\/\/europeandocuments.info\/product\/buy-authentic-chinese-passport\/","url":"https:\/\/europeandocuments.info\/product\/buy-authentic-chinese-passport\/","name":"Buy authentic Chinese Passport - europeandocuments.info","isPartOf":{"@id":"https:\/\/europeandocuments.info\/#website"},"primaryImageOfPage":{"@id":"https:\/\/europeandocuments.info\/product\/buy-authentic-chinese-passport\/#primaryimage"},"image":{"@id":"https:\/\/europeandocuments.info\/product\/buy-authentic-chinese-passport\/#primaryimage"},"thumbnailUrl":"https:\/\/europeandocuments.info\/wp-content\/uploads\/2025\/05\/Chinese-Passport.jpg","datePublished":"2025-05-18T19:10:11+00:00","breadcrumb":{"@id":"https:\/\/europeandocuments.info\/product\/buy-authentic-chinese-passport\/#breadcrumb"},"inLanguage":"cs","potentialAction":[{"@type":"ReadAction","target":["https:\/\/europeandocuments.info\/product\/buy-authentic-chinese-passport\/"]}]},{"@type":"ImageObject","inLanguage":"cs","@id":"https:\/\/europeandocuments.info\/product\/buy-authentic-chinese-passport\/#primaryimage","url":"https:\/\/europeandocuments.info\/wp-content\/uploads\/2025\/05\/Chinese-Passport.jpg","contentUrl":"https:\/\/europeandocuments.info\/wp-content\/uploads\/2025\/05\/Chinese-Passport.jpg","width":1620,"height":1079},{"@type":"BreadcrumbList","@id":"https:\/\/europeandocuments.info\/product\/buy-authentic-chinese-passport\/#breadcrumb","itemListElement":[{"@type":"ListItem","position":1,"name":"Home","item":"https:\/\/europeandocuments.info\/"},{"@type":"ListItem","position":2,"name":"OUR PRODUCTS","item":"https:\/\/europeandocuments.info\/de\/our-products\/"},{"@type":"ListItem","position":3,"name":"Buy authentic Chinese Passport"}]},{"@type":"WebSite","@id":"https:\/\/europeandocuments.info\/#website","url":"https:\/\/europeandocuments.info\/","name":"europeandocuments.info","description":"buy all EU documents","potentialAction":[{"@type":"SearchAction","target":{"@type":"EntryPoint","urlTemplate":"https:\/\/europeandocuments.info\/?s={search_term_string}"},"query-input":{"@type":"PropertyValueSpecification","valueRequired":true,"valueName":"search_term_string"}}],"inLanguage":"cs"}]}},"_links":{"self":[{"href":"https:\/\/europeandocuments.info\/cs\/wp-json\/wp\/v2\/product\/744","targetHints":{"allow":["GET"]}}],"collection":[{"href":"https:\/\/europeandocuments.info\/cs\/wp-json\/wp\/v2\/product"}],"about":[{"href":"https:\/\/europeandocuments.info\/cs\/wp-json\/wp\/v2\/types\/product"}],"replies":[{"embeddable":true,"href":"https:\/\/europeandocuments.info\/cs\/wp-json\/wp\/v2\/comments?post=744"}],"wp:featuredmedia":[{"embeddable":true,"href":"https:\/\/europeandocuments.info\/cs\/wp-json\/wp\/v2\/media\/745"}],"wp:attachment":[{"href":"https:\/\/europeandocuments.info\/cs\/wp-json\/wp\/v2\/media?parent=744"}],"wp:term":[{"taxonomy":"product_brand","embeddable":true,"href":"https:\/\/europeandocuments.info\/cs\/wp-json\/wp\/v2\/product_brand?post=744"},{"taxonomy":"product_cat","embeddable":true,"href":"https:\/\/europeandocuments.info\/cs\/wp-json\/wp\/v2\/product_cat?post=744"},{"taxonomy":"product_tag","embeddable":true,"href":"https:\/\/europeandocuments.info\/cs\/wp-json\/wp\/v2\/product_tag?post=744"}],"curies":[{"name":"wp","href":"https:\/\/api.w.org\/{rel}","templated":true}]}}